{"id":1225,"date":"2020-11-26T14:55:56","date_gmt":"2020-11-26T14:55:56","guid":{"rendered":"https:\/\/www.meyragroup.com\/home\/"},"modified":"2023-11-20T14:46:45","modified_gmt":"2023-11-20T14:46:45","slug":"home","status":"publish","type":"page","link":"https:\/\/www.meyragroup.com\/fr\/","title":{"rendered":"Home &#8211; FR"},"content":{"rendered":"","protected":false},"excerpt":{"rendered":"","protected":false},"author":2,"featured_media":0,"parent":0,"menu_order":0,"comment_status":"closed","ping_status":"closed","template":"views\/template-home-page.blade.php","meta":{"_seopress_robots_primary_cat":"","_seopress_titles_title":"","_seopress_titles_desc":"","_seopress_robots_index":"","footnotes":""},"sites":[],"class_list":["post-1225","page","type-page","status-publish","hentry"],"app_templates_compare_top_banner_title":"","app_templates_compare_top_banner_body":"","app_templates_compare_top_banner_image":"","app_templates_compare_top_banner_color":"white","app_templates_compare_top_banner_overlay":true,"app_templates_compare_site_settings_site":"meyra_group","app_templates_cookie_policy_top_banner_title":"","app_templates_cookie_policy_top_banner_body":"","app_templates_cookie_policy_top_banner_image":"","app_templates_cookie_policy_top_banner_color":"white","app_templates_cookie_policy_top_banner_overlay":true,"app_templates_cookie_policy_site_settings_site":"meyra_group","app_templates_home_page_home_banner_slides":[{"_type":"_","body":"","logo":"1644","video":"","image":"2178","color":"white","overlay":true,"link":{"value":"","url":"","anchor":"","blank":"0"}},{"_type":"_","body":"","logo":"632","video":"","image":"369","color":"white","overlay":true,"link":{"value":"","url":"","anchor":"","blank":"0"}},{"_type":"_","body":"","logo":"632","video":"","image":"333","color":"white","overlay":true,"link":{"value":"","url":"","anchor":"","blank":"0"}},{"_type":"_","body":"","logo":"632","video":"","image":"354","color":"white","overlay":true,"link":{"value":"","url":"","anchor":"","blank":"0"}},{"_type":"_","body":"","logo":"632","video":"","image":"335","color":"white","overlay":true,"link":{"value":"","url":"","anchor":"","blank":"0"}},{"_type":"_","body":"","logo":"632","video":"","image":"352","color":"white","overlay":true,"link":{"value":"","url":"","anchor":"","blank":"0"}},{"_type":"_","body":"","logo":"632","video":"","image":"335","color":"white","overlay":true,"link":{"value":"","url":"","anchor":"","blank":"0"}},{"_type":"_","body":"","logo":"632","video":"","image":"348","color":"white","overlay":true,"link":{"value":"","url":"","anchor":"","blank":"0"}},{"_type":"_","body":"","logo":"632","video":"","image":"1136","color":"white","overlay":true,"link":{"value":"","url":"","anchor":"","blank":"0"}}],"app_templates_home_page_home_banner_html":"","app_templates_home_page_modules_modules":[{"_type":"content","title":"","content":"<h3>Des marques fortes qui inspirent la joie de vivre<\/h3>\r\nNotre objectif est d'inspirer de la joie de vivre aux utilisateurs de fauteuil, \u00e0 leurs familles et soignants, ainsi qu'\u00e0 tous les autres acteurs impliqu\u00e9s dans le processus d'offre de nos produits \u00e0 l'utilisateur final. Avec nos marques de qualit\u00e9 : Netti, Meyra et TA, nous proposons des produits innovants et fiables qui permettent d\u2019optimiser les activit\u00e9s de la vie quotidienne et de s\u00e9curiser, voire d\u2019am\u00e9liorer ses conditions de sant\u00e9. L\u2019utilisateur pourra ainsi \u00eatre plus mobile, et participer davantage \u00e0 la vie sociale et aux activit\u00e9s du quotidien.","text_align":"text-center","columns":1},{"_type":"columns","columns":[{"_type":"_","image":"1011","link":{"value":"","url":"","anchor":"","blank":"0"},"body":""},{"_type":"_","image":"1003","link":{"value":"","url":"","anchor":"","blank":"0"},"body":""},{"_type":"_","image":"1007","link":{"value":"","url":"","anchor":"","blank":"0"},"body":""},{"_type":"_","image":"999","link":{"value":"","url":"","anchor":"","blank":"0"},"body":""},{"_type":"_","image":"1015","link":{"value":"","url":"","anchor":"","blank":"0"},"body":""},{"_type":"_","image":"1022","link":{"value":"","url":"","anchor":"","blank":"0"},"body":""},{"_type":"_","image":"1032","link":{"value":"","url":"","anchor":"","blank":"0"},"body":""},{"_type":"_","image":"1028","link":{"value":"","url":"","anchor":"","blank":"0"},"body":""}]}],"app_templates_home_page_site_settings_site":"meyra_group","app_templates_modules_top_banner_title":"","app_templates_modules_top_banner_body":"","app_templates_modules_top_banner_image":"","app_templates_modules_top_banner_color":"white","app_templates_modules_top_banner_overlay":true,"app_templates_modules_modules_modules":[],"app_templates_modules_product_items_product":[],"app_templates_modules_site_settings_site":"meyra_group","_links":{"self":[{"href":"https:\/\/www.meyragroup.com\/fr\/wp-json\/wp\/v2\/pages\/1225","targetHints":{"allow":["GET"]}}],"collection":[{"href":"https:\/\/www.meyragroup.com\/fr\/wp-json\/wp\/v2\/pages"}],"about":[{"href":"https:\/\/www.meyragroup.com\/fr\/wp-json\/wp\/v2\/types\/page"}],"author":[{"embeddable":true,"href":"https:\/\/www.meyragroup.com\/fr\/wp-json\/wp\/v2\/users\/2"}],"replies":[{"embeddable":true,"href":"https:\/\/www.meyragroup.com\/fr\/wp-json\/wp\/v2\/comments?post=1225"}],"version-history":[{"count":12,"href":"https:\/\/www.meyragroup.com\/fr\/wp-json\/wp\/v2\/pages\/1225\/revisions"}],"predecessor-version":[{"id":2183,"href":"https:\/\/www.meyragroup.com\/fr\/wp-json\/wp\/v2\/pages\/1225\/revisions\/2183"}],"wp:attachment":[{"href":"https:\/\/www.meyragroup.com\/fr\/wp-json\/wp\/v2\/media?parent=1225"}],"wp:term":[{"taxonomy":"sites","embeddable":true,"href":"https:\/\/www.meyragroup.com\/fr\/wp-json\/wp\/v2\/sites?post=1225"}],"curies":[{"name":"wp","href":"https:\/\/api.w.org\/{rel}","templated":true}]}}