{"id":1131,"date":"2020-11-30T13:39:35","date_gmt":"2020-11-30T13:39:35","guid":{"rendered":"https:\/\/meyra-netti.cnvy.dk\/meyranetti\/"},"modified":"2021-03-10T17:18:45","modified_gmt":"2021-03-10T17:18:45","slug":"meyranetti","status":"publish","type":"page","link":"https:\/\/www.meyragroup.com\/fr\/meyranetti\/","title":{"rendered":"Home Netti"},"content":{"rendered":"","protected":false},"excerpt":{"rendered":"","protected":false},"author":1,"featured_media":0,"parent":0,"menu_order":14,"comment_status":"closed","ping_status":"closed","template":"views\/template-home-page.blade.php","meta":{"_seopress_robots_primary_cat":"","_seopress_titles_title":"Meyra Netti","_seopress_titles_desc":"Meyra Netti - world-leading solution provider offering life-enhancing products to people with limited mobility. Our focus is to inspire joy of life for the end-users, their families and care givers \u2013 and all other parties involved in the process of offering our products to the end-user.","_seopress_robots_index":"","footnotes":""},"sites":[],"class_list":["post-1131","page","type-page","status-publish","hentry"],"app_templates_compare_top_banner_title":"","app_templates_compare_top_banner_body":"","app_templates_compare_top_banner_image":"","app_templates_compare_top_banner_color":"white","app_templates_compare_top_banner_overlay":true,"app_templates_compare_site_settings_site":"meyra_group","app_templates_cookie_policy_top_banner_title":"","app_templates_cookie_policy_top_banner_body":"","app_templates_cookie_policy_top_banner_image":"","app_templates_cookie_policy_top_banner_color":"white","app_templates_cookie_policy_top_banner_overlay":true,"app_templates_cookie_policy_site_settings_site":"meyra_group","app_templates_home_page_home_banner_slides":[{"_type":"_","body":"","logo":"1234","video":"","image":"1231","color":"white","overlay":true,"link":{"value":"","url":"","anchor":"","blank":"0"}},{"_type":"_","body":"","logo":"632","video":"","image":"335","color":"white","overlay":true,"link":{"value":"","url":"","anchor":"","blank":"0"}},{"_type":"_","body":"","logo":"632","video":"","image":"1231","color":"white","overlay":true,"link":{"value":"","url":"","anchor":"","blank":"0"}}],"app_templates_home_page_home_banner_html":"","app_templates_home_page_modules_modules":[{"_type":"content","title":"","content":"<h3>Des marques fortes qui inspirent la joie de vivre<\/h3>\r\nNotre objectif est d'inspirer de la joie de vivre aux utilisateurs de fauteuil, \u00e0 leurs familles et soignants, ainsi qu'\u00e0 tous les autres acteurs impliqu\u00e9s dans le processus d'offre de nos produits \u00e0 l'utilisateur final. Avec nos marques de qualit\u00e9 : Netti, Meyra et TA, nous proposons des produits innovants et fiables qui permettent d\u2019optimiser les activit\u00e9s de la vie quotidienne et de s\u00e9curiser, voire d\u2019am\u00e9liorer ses conditions de sant\u00e9. L\u2019utilisateur pourra ainsi \u00eatre plus mobile, et participer davantage \u00e0 la vie sociale et aux activit\u00e9s du quotidien.","text_align":"text-center","columns":1},{"_type":"columns","columns":[{"_type":"_","image":"979","link":{"value":"","url":"","anchor":"","blank":"0"},"body":"<h6>Fauteuils roulants multifonctionnels Netti<\/h6>\r\nDepuis la fin des ann\u00e9es 1980, Netti est reconnu comme l'un des leaders de fauteuils roulants multifonctionnels. En tant que sp\u00e9cialiste scandinave de l\u2019assise et du positionnement, Netti propose des solutions de qualit\u00e9 et des fauteuils innovants adapt\u00e9s aux exigences des utilisateurs. Netti est l\u2019un des rares fournisseurs \u00e0 proposer des fauteuils dynamiques aux utilisateurs afin de r\u00e9pondre au mieux \u00e0 leurs besoins pr\u00e9cis et complexes. Tous les produits sont con\u00e7us de mani\u00e8re \u00e0 permettre ou \u00e0 am\u00e9liorer la mobilit\u00e9 de l'utilisateur et \u00e0 faciliter sa participation aux activit\u00e9s de la vie quotidienne.\r\n\r\nNetti Brand site <a href=\"https:\/\/www.my-netti.com\/fr\/\">My-Netti.fr<\/a>"},{"_type":"_","image":"962","link":{"value":"","url":"","anchor":"","blank":"0"},"body":"<h6>Fauteuils roulants \u00e9lectriques Meyra<\/h6>\r\nLes personnes \u00e2g\u00e9es ainsi que les utilisateurs \u00e0 mobilit\u00e9 r\u00e9duite peuvent \u00e0 nouveau participer aux activit\u00e9s de la vie quotidienne gr\u00e2ce aux fauteuils roulants \u00e9lectriques de Meyra.\r\n\r\nChaque fauteuil \u00e9lectrique se distingue par des caract\u00e9ristiques bien \u00e9tudi\u00e9es, des possibilit\u00e9s de r\u00e9glage vari\u00e9es et une conception tr\u00e8s compacte qui permettent \u00e0 l\u2019utilisateur de b\u00e9n\u00e9ficier d\u2019une plus grande polyvalence tant \u00e0 l\u2019int\u00e9rieur qu\u2019\u00e0 l\u2019ext\u00e9rieur.\r\n\r\n<a href=\"\/fr\/produits-de-la-meyra\/\">Produits de Meyra<\/a>"},{"_type":"_","image":"949","link":{"value":"","url":"","anchor":"","blank":"0"},"body":"<h6>Fauteuils roulants actifs Meyra<\/h6>\r\nIl est important d\u2019adapter au mieux le fauteuil aux mesures corporelles, \u00e0 la pathologie ou d\u00e9ficience mais aussi aux besoins pr\u00e9cis de l\u2019utilisateur afin de lui permettre une utilisation la plus active possible du fauteuil dans sa vie quotidienne et sportive. Les fauteuils roulants actifs de Meyra offrent diverses possibilit\u00e9s d'ajustement qui sont cruciales. Le fauteuil roulant adaptatif peut s'adapter aux changements de fonction ainsi qu'aux besoins individuels.\r\n\r\n<a href=\"\/fr\/produits-de-la-meyra\/\">Produits de Meyra<\/a>"},{"_type":"_","image":"1090","link":{"value":"","url":"","anchor":"","blank":"0"},"body":"<h6>Fauteuils roulants T.A. Service<\/h6>\r\nLa mission de TA Service est de fournir un service de qualit\u00e9 aux personnes \u00e0 mobilit\u00e9 r\u00e9duite, gr\u00e2ce \u00e0 des solutions tr\u00e8s adapt\u00e9es \u00e0 leurs besoins sp\u00e9cifiques. TA propose une toute nouvelle s\u00e9rie de fauteuils roulants \u00e9lectriques uniques et r\u00e9volutionnaires, avec une hauteur d'assise r\u00e9duite et une suspension unique sur toutes les roues, offrant une conduite extr\u00eamement souple et flexible et des caract\u00e9ristiques de conduite in\u00e9gal\u00e9es.\r\n\r\nEn savoir plus sur <a href=\"https:\/\/www.ta-service.dk\/uk\">TA-service.dk<\/a>"}]}],"app_templates_home_page_site_settings_site":"meyra_netti","app_templates_modules_top_banner_title":"","app_templates_modules_top_banner_body":"","app_templates_modules_top_banner_image":"","app_templates_modules_top_banner_color":"white","app_templates_modules_top_banner_overlay":true,"app_templates_modules_modules_modules":[],"app_templates_modules_product_items_product":[],"app_templates_modules_site_settings_site":"meyra_group","_links":{"self":[{"href":"https:\/\/www.meyragroup.com\/fr\/wp-json\/wp\/v2\/pages\/1131","targetHints":{"allow":["GET"]}}],"collection":[{"href":"https:\/\/www.meyragroup.com\/fr\/wp-json\/wp\/v2\/pages"}],"about":[{"href":"https:\/\/www.meyragroup.com\/fr\/wp-json\/wp\/v2\/types\/page"}],"author":[{"embeddable":true,"href":"https:\/\/www.meyragroup.com\/fr\/wp-json\/wp\/v2\/users\/1"}],"replies":[{"embeddable":true,"href":"https:\/\/www.meyragroup.com\/fr\/wp-json\/wp\/v2\/comments?post=1131"}],"version-history":[{"count":21,"href":"https:\/\/www.meyragroup.com\/fr\/wp-json\/wp\/v2\/pages\/1131\/revisions"}],"predecessor-version":[{"id":1456,"href":"https:\/\/www.meyragroup.com\/fr\/wp-json\/wp\/v2\/pages\/1131\/revisions\/1456"}],"wp:attachment":[{"href":"https:\/\/www.meyragroup.com\/fr\/wp-json\/wp\/v2\/media?parent=1131"}],"wp:term":[{"taxonomy":"sites","embeddable":true,"href":"https:\/\/www.meyragroup.com\/fr\/wp-json\/wp\/v2\/sites?post=1131"}],"curies":[{"name":"wp","href":"https:\/\/api.w.org\/{rel}","templated":true}]}}