{"id":93,"date":"2020-11-26T14:55:56","date_gmt":"2020-11-26T14:55:56","guid":{"rendered":"https:\/\/www.meyragroup.com\/home\/"},"modified":"2023-06-05T11:18:29","modified_gmt":"2023-06-05T11:18:29","slug":"home","status":"publish","type":"page","link":"https:\/\/www.meyragroup.com\/da\/","title":{"rendered":"Meyra Group Danmark"},"content":{"rendered":"","protected":false},"excerpt":{"rendered":"","protected":false},"author":2,"featured_media":0,"parent":0,"menu_order":0,"comment_status":"closed","ping_status":"closed","template":"views\/template-home-page.blade.php","meta":{"_seopress_robots_primary_cat":"","_seopress_titles_title":"Danmarks st\u00f8rste udvalg af k\u00f8restole - Meyra Group","_seopress_titles_desc":"Elektriske k\u00f8restole fra TA og Meyra, aktive k\u00f8restole fra Meyra samt komfortstole fra Netti.","_seopress_robots_index":"","footnotes":""},"sites":[],"class_list":["post-93","page","type-page","status-publish","hentry"],"app_templates_compare_top_banner_title":"","app_templates_compare_top_banner_body":"","app_templates_compare_top_banner_image":"","app_templates_compare_top_banner_color":"white","app_templates_compare_top_banner_overlay":true,"app_templates_compare_site_settings_site":"meyra_group","app_templates_cookie_policy_top_banner_title":"","app_templates_cookie_policy_top_banner_body":"","app_templates_cookie_policy_top_banner_image":"","app_templates_cookie_policy_top_banner_color":"white","app_templates_cookie_policy_top_banner_overlay":true,"app_templates_cookie_policy_site_settings_site":"meyra_group","app_templates_home_page_home_banner_slides":[{"_type":"_","body":"","logo":"633","video":"","image":"26","color":"white","overlay":true,"link":{"value":"","url":"","anchor":"","blank":"0"}},{"_type":"_","body":"","logo":"633","video":"","image":"334","color":"white","overlay":true,"link":{"value":"","url":"","anchor":"","blank":"0"}}],"app_templates_home_page_home_banner_html":"","app_templates_home_page_modules_modules":[{"_type":"content","title":"Velkommen hos Meyra Group i Danmark","content":"<div><a class=\"btn btn-primary mt-3\" href=\"http:\/\/www.meyragroup.dk\/\">DU FINDER VORES DANSKE HJEMMESIDE HER<\/a><\/div>","text_align":"text-left","columns":1},{"_type":"content","title":"","content":"<h5>ST\u00c6RKE BRANDS INSPIRERER TIL LIVSGL\u00c6DE<\/h5>\r\n&nbsp;\r\n\r\nVores fokus er at skabe livsgl\u00e6de for slutbrugerne, deres familier og plejere - og alle andre parter, der er involveret i processen med at tilbyde vores produkter til slutbrugerne. Med vores st\u00e6rke brands: Netti, Meyra og TA tilbyder vi innovative og p\u00e5lidelige produkter, der optimerer aktiviteterne i dagligdagen for slutbrugeren, s\u00e5 de kan blive mere mobile, deltage i aktiviteter i dagligdagen og sikre eller endda forbedre deres helbredstilstand.\r\n\r\nFind yderligere information om vores el-k\u00f8restole, aktive k\u00f8restole og komfortk\u00f8restole p\u00e5 de respektive brands-hjemmesider:","text_align":"text-left","columns":1},{"_type":"content","title":"","content":"<a href=\"https:\/\/www.my-netti.com\/da\/\"><img class=\"alignnone size-medium wp-image-1012\" src=\"\/app\/uploads\/2020\/12\/brand-hero4-600x400.png\" alt=\"\" width=\"300\" height=\"200\" \/><\/a> <a href=\"https:\/\/www.meyra.dk\/\"><img class=\"alignnone size-medium wp-image-1004\" src=\"\/app\/uploads\/2020\/12\/brand-hero2-600x400.png\" alt=\"\" width=\"300\" height=\"200\" \/><\/a> <a href=\"https:\/\/www.ta-service.dk\/manuelle-korestole\"><img class=\"alignnone size-medium wp-image-1000\" src=\"\/app\/uploads\/2020\/12\/brand-hero-600x400.png\" alt=\"\" width=\"300\" height=\"200\" \/><\/a>","text_align":"text-left","columns":1},{"_type":"media_text","title":"","body":"Med sammenl\u00e6gningen af TA Service, Netti by Alu Rehab og Meyra til \u00e9t samlet Meyra Group tilbyder vi k\u00f8restole til stort set ethvert behov.\r\nDet betyder at vi nu tilbyder et bredt produktsortiment - lige fra aktivstole over elektriske st\u00e5stole til dynamiske komfortk\u00f8restole.\r\n\r\nVores fokus er at tilbyde k\u00f8restole, som brugeren uanset behov kan sidde godt i - mange timer om dagen.\r\n\r\nI vores <a href=\"\/app\/uploads\/2021\/11\/Produktkatalog-2022-Meyra-Group-DK-interaktiv.pdf\">brochure<\/a> kan du se et udvalg af stolene vi tilbyder, kontakt os gerne for mere information.","image":"1642","image_link":{"value":"","url":"","anchor":"","blank":"0"},"link":{"value":"","url":"\/app\/uploads\/2021\/11\/Produktkatalog-2022-Meyra-Group-DK-interaktiv.pdf","anchor":"Produktkatalog","blank":"0"},"circle":false,"direction":"flex-row"}],"app_templates_home_page_site_settings_site":"meyra_group","app_templates_modules_top_banner_title":"","app_templates_modules_top_banner_body":"","app_templates_modules_top_banner_image":"","app_templates_modules_top_banner_color":"white","app_templates_modules_top_banner_overlay":true,"app_templates_modules_modules_modules":[],"app_templates_modules_product_items_product":[],"app_templates_modules_site_settings_site":"meyra_group","_links":{"self":[{"href":"https:\/\/www.meyragroup.com\/da\/wp-json\/wp\/v2\/pages\/93","targetHints":{"allow":["GET"]}}],"collection":[{"href":"https:\/\/www.meyragroup.com\/da\/wp-json\/wp\/v2\/pages"}],"about":[{"href":"https:\/\/www.meyragroup.com\/da\/wp-json\/wp\/v2\/types\/page"}],"author":[{"embeddable":true,"href":"https:\/\/www.meyragroup.com\/da\/wp-json\/wp\/v2\/users\/2"}],"replies":[{"embeddable":true,"href":"https:\/\/www.meyragroup.com\/da\/wp-json\/wp\/v2\/comments?post=93"}],"version-history":[{"count":19,"href":"https:\/\/www.meyragroup.com\/da\/wp-json\/wp\/v2\/pages\/93\/revisions"}],"predecessor-version":[{"id":2067,"href":"https:\/\/www.meyragroup.com\/da\/wp-json\/wp\/v2\/pages\/93\/revisions\/2067"}],"wp:attachment":[{"href":"https:\/\/www.meyragroup.com\/da\/wp-json\/wp\/v2\/media?parent=93"}],"wp:term":[{"taxonomy":"sites","embeddable":true,"href":"https:\/\/www.meyragroup.com\/da\/wp-json\/wp\/v2\/sites?post=93"}],"curies":[{"name":"wp","href":"https:\/\/api.w.org\/{rel}","templated":true}]}}